{"id":267,"date":"2023-02-21T06:23:52","date_gmt":"2023-02-21T05:23:52","guid":{"rendered":"http:\/\/trigger.agency\/clients\/story\/datenschutz\/"},"modified":"2023-03-06T14:13:34","modified_gmt":"2023-03-06T13:13:34","slug":"privacy-policy","status":"publish","type":"page","link":"https:\/\/studiostory.at\/en\/privacy-policy\/","title":{"rendered":"Privacy policy"},"content":{"rendered":"<section class=\"wpb-content-wrapper\"><p>[vc_row][vc_column width=&#8221;1\/12&#8243;][\/vc_column][vc_column width=&#8221;10\/12&#8243;][vc_custom_heading text=&#8221;Datenschutzerkl\u00e4rung&#8221; use_theme_fonts=&#8221;yes&#8221;][vc_column_text]<\/p>\n<div class=\"id-e008aadfddb34acb5502a2fdaf6ed533 stripe-default-padding m-introduction \" data-text-alignment=\"center\">\n<div class=\"container m-introduction__container\">\n<div class=\"m-introduction__row \">\n<div class=\"m-introduction__content\">\n<div class=\"m-introduction--content cms-content \" data-disable-read=\"\" data-read-more=\"\">\n<p>DATENSCHUTZ-RICHTLINIEN<br \/>\nInformationspflicht (Art 13 und 14 DSGVO)<\/p>\n<\/div>\n<\/div>\n<\/div>\n<\/div>\n<\/div>\n<div class=\"id-6c79b232918cda26a6a61798819ad9a1 stripe-default-padding custom-block-padding \">\n<div class=\"container\">\n<div class=\"id-6c79b232918cda26a6a61798819ad9a1 m-plain-text \" data-text-alignment=\"left\">\n<div class=\"m-plain-text--stripe cms-content\">\n<div class=\"m-plain-text--content cms-item cms-html-var\">\n<p><strong>Grundlage:<\/strong><br \/>\nDiese Datenschutzerkl\u00e4rung ber\u00fchrt alle Personen, die die Dienstleistungen von\u00a0Studio Story e.U.\u00a0eingetragen im Firmenbuch eingetragenes Einzelunternehmen\u00a0Werbung I PR\u00a0UID-Nummer: ATU67229634,\u00a0Firmenbuch-Nummer: FN 592332,\u00a0Firmenbuch-Gericht: Wien\u00a0Firmensitz: R\u00fcckertgasse 29\/11, 1160\u00a0nutzen.<br \/>\nWir informieren Sie mit dieser \u00fcber Art, Umfang und Zweck der Erhebung und Verwendung Ihrer personenbezogenen Daten durch unsere Unternehmen. Der Schutz Ihrer pers\u00f6nlichen Daten ist uns ein besonderes Anliegen. Wir sind bestrebt, die gesetzlichen Vorgaben f\u00fcr die Verarbeitung Ihrer personenbezogenen Daten (EU-Verordnung Nr. 679\/2016 (DSGVO), DSG 2000, DSG 2018 und TKG 2003) genau einzuhalten. Alle Ihre personenbezogenen Daten werden auf dieser Grundlage verarbeitet.<br \/>\nVerantwortlicher f\u00fcr die Datenverarbeitung ist das Hotel, in dem Sie die Dienstleistung konsumieren.<br \/>\nMit der Nutzung unserer Dienstleistungen und der Erteilung von Einwilligungen im Sinne dieser Erkl\u00e4rung best\u00e4tigen Sie, dass Sie das 14. Lebensjahr vollendet haben und in der Lage sind, eine zul\u00e4ssige Einwilligung zu erteilen, oder dass bereits eine wirksame Einwilligung Ihres Erziehungsberechtigten oder Ihres Sachwalters vorliegt.<br \/>\n<strong>Angaben gem\u00e4\u00df Art. 13 DSGVO<\/strong><\/p>\n<ul>\n<li>Ihre personenbezogenen Daten, das sind insbesondere<\/li>\n<li>Ihre Stammdaten (Familienname, Vorname, Adresse, E-Mail-Adresse, Telefonnummer, Geburtsdatum) sowie Sprache,<\/li>\n<\/ul>\n<p>werden f\u00fcr unsere Dienstleistungen ben\u00f6tigt.<br \/>\nDie \u00dcbermittlung bzw. Weitergabe erfolgt unter Wahrung aller datenschutz- und datensicherheitsrelevanten Aspekte. Mit unseren Dienstleistern sind entsprechende Datenschutzvereinbarungen getroffen worden.<br \/>\nDie Rechtsgrundlagen f\u00fcr diese Datenverarbeitungsprozesse sind die Erf\u00fcllung unserer vorvertraglichen und vertraglichen Verpflichtungen Ihnen gegen\u00fcber, von Ihnen eingeholte Einwilligungen, gesetzliche, vertragliche oder sonstige rechtliche Verpflichtungen unsererseits (z.B. Dokumentationsrechte und -pflichten nach dem Rechnungswesen, Steuer- und Zollrecht, Vertragswesen, Meldewesen, Rechtsstreitigkeiten) sowie \u00a7 96 TKG und unsere berechtigten Interessen (z.B. die Verbesserung unseres Kundenservice, auch im Bereich der Direktwerbung oder die Wahrnehmung unserer eigenen rechtlichen Interessen).<br \/>\nDie Dauer der Speicherung bemisst sich nach der Dauer unserer Gesch\u00e4ftsbeziehung, den von Ihnen erteilten Einwilligungen, dar\u00fcber hinaus nach den f\u00fcr uns geltenden gesetzlichen Aufbewahrungspflichten und rechtlichen Verpflichtungen. Wir betonen, dass wir im Fall einer regelm\u00e4\u00dfigen Zusammenarbeit f\u00fcr unser bestm\u00f6gliches Kundenservice bestrebt sind, Ihre bereits an uns \u00fcbermittelten Kundenw\u00fcnsche so gut zu kennen, dass wir Sie laufend und dauerhaft zufriedenstellen k\u00f6nnen.<br \/>\nBei Leistungen, deren Zahlung \u00fcber das Hotel erfolgt, erhalten Sie automatisch generiert am Tag Ihrer Abreise die Rechnung per E-Mail an die von Ihnen angegebene E-Mail-Adresse.<\/p>\n<p><strong>Unsere Website<\/strong><br \/>\nDurch den Aufruf unserer Website werden automatisch Ihre Zugriffsdaten erhoben und gespeichert. Diese Zugriffsdaten k\u00f6nnen insbesondere die aufgerufene Seite, die angesehenen Dateien, Datum und Uhrzeit des Aufrufs, IP-Adresse des Benutzers, Daten des aufrufenden Rechners, insbesondere des Browsers und des Betriebssystems, sowie die Datenmenge und die Meldung des erfolgreichen Aufrufs umfassen. Diese Zugriffsdaten werden von uns f\u00fcr interne statistische Zwecke verwendet, um die Sicherheit unseres Angebots zu gew\u00e4hrleisten und um das Angebot zu optimieren. Bei Verdacht einer rechtswidrigen Handlung werden die Zugriffsdaten zur Beweissicherung ausgewertet.<br \/>\nMit der Eingabe Ihrer personenbezogenen Daten in eines unserer Kontaktformulare stimmen Sie f\u00fcr die Dauer der Betreuung dieser konkreten Anfrage der \u00dcbermittlung an und Speicherung und Verarbeitung durch uns zu. Wir ben\u00f6tigen diese Daten zur Bearbeitung Ihrer Anfrage und speichern in diesen F\u00e4llen auch Ihre IP-Adresse zu Zwecken der Beweissicherung. Die Speicherung erfolgt, solange dies f\u00fcr die Betreuung allf\u00e4lliger erg\u00e4nzender oder nachtr\u00e4glich gestellter Fragen durch Sie oder uns erforderlich ist.<br \/>\nDer Inhalt unserer Website wurde sorgf\u00e4ltig erstellt und mehrfach kontrolliert, f\u00fcr die Aktualit\u00e4t, Richtigkeit und Vollst\u00e4ndigkeit der bereitgestellten Informationen \u00fcbernehmen wir jedoch keine Haftung. Anspr\u00fcche auf Schadenersatz wegen Nutzung oder Nichtnutzung der Informationen bzw. durch die Nutzung fehlerhafter oder unvollst\u00e4ndiger Informationen sind ausgeschlossen. Alle Angebote sind freibleibend und unverbindlich. Wir behalten uns das Recht vor, Angebote oder Teile davon ohne gesonderte Ank\u00fcndigung zu ver\u00e4ndern, zu erg\u00e4nzen, zu l\u00f6schen oder die Ver\u00f6ffentlichung der Website zeitweise oder endg\u00fcltig einzustellen.<br \/>\nDer Inhalt und die Programmierung unserer Website sind urheber- und leistungsschutzrechtlich gesch\u00fctzt. Jede Vervielf\u00e4ltigung \u2013 auch auszugsweise \u2013 und \u00f6ffentliche Wiedergabe, insbesondere das Kopieren von Texten, Grafiken und Fotos, ist ohne unsere vorhergehende schriftliche Zustimmung verboten.<\/p>\n<p><strong>Cookies<\/strong><br \/>\nWir verwenden Cookies, das sind kleine Textelemente, die zum Speichern von Informationen in Webbrowsern verwendet werden. Cookies werden bei Ihrem n\u00e4chsten Besuch unseres Webauftritts erkannt und tragen erheblich dazu bei, Ladevorg\u00e4nge zu beschleunigen und die Nutzung unserer Angebote komfortabel f\u00fcr Sie zu machen. Ihre von Cookies erkannten und gespeicherten Informationen dienen Ihrer Wiederkennung, aber auch der Analyse Ihres Nutzerverhaltens. Sie werden auf dem Server des jeweiligen Anbieters, der sich als Auftragsverarbeiter uns gegen\u00fcber zur Einhaltung der geltenden Datenschutz-Standards verpflichtet hat, gespeichert.<br \/>\nNachdem Sie unseren Webauftritt besucht haben, bleiben Cookies auf Ihrem Endger\u00e4t gespeichert, sofern Sie dies nicht von vornherein verweigern oder Sie Cookies nicht aktiv l\u00f6schen. Das aktive Deaktivieren von Cookies kann die Funktionalit\u00e4t unserer Webauftritte f\u00fcr Sie beeintr\u00e4chtigen. Sie k\u00f6nnen die Speicherung der Cookies auch durch eine entsprechende Einstellung Ihrer Browser-Software verhindern. Wir weisen Sie jedoch darauf hin, dass Sie in diesem Fall gegebenenfalls nicht s\u00e4mtliche Funktionen unserer Website werden nutzen k\u00f6nnen.<br \/>\nSie k\u00f6nnen dar\u00fcber hinaus die Weiterleitung der durch das Cookie erzeugten und auf Ihre Nutzung der Website bezogenen Daten (inkl. Ihrer IP-Adresse) an Google sowie die Verarbeitung dieser Daten durch Google verhindern, indem Sie das auf der Website google.com verf\u00fcgbare Browser-Plug-in herunterladen und installieren. Das Plug-in ist jedoch nur f\u00fcr bestimmte Browser-Programme verf\u00fcgbar.<\/p>\n<p><strong>Inhalte Dritter<\/strong><br \/>\nWir verwenden auf unserer Website auch Inhalte Dritter, um unseren Internetauftritt m\u00f6glichst informativ und komfortabel f\u00fcr Sie zu gestalten. Dazu geh\u00f6ren z.B. Google-Maps, RSS-Feeds oder YouTube. Diese Dritt-Anbieter erhalten aus technischen Gr\u00fcnden Ihre IP-Adresse. Auf die Verwendung dieser Daten durch den Dritt-Anbieter haben wir keinen Einfluss. Wir verweisen diesbez\u00fcglich auf die Datenschutzerkl\u00e4rungen der jeweiligen Anbieter.<\/p>\n<p><strong>Google Analytics<\/strong><br \/>\nWir setzen Google Analytics, einen Webanalysedienst der Google Inc. 1600, Amphitheatre Parkway, Mountain View, CA 94043, USA, ein (\u201eGoogle\u201c). Google Analytics verwendet Cookies. Die durch das Cookie erzeugten Informationen \u00fcber Ihr Benutzerverhalten werden in der Regel an einen Server von Google in den USA \u00fcbertragen und dort gespeichert. Ihre IP-Adresse wird zuvor innerhalb der Europ\u00e4ischen Union gek\u00fcrzt und damit anonymisiert oder zumindest pseudonymisiert. Nur in Ausnahmef\u00e4llen wird die volle IP-Adresse an einen Server von Google in den USA \u00fcbertragen und dort gek\u00fcrzt.<br \/>\nGoogle ben\u00fctzt diese Informationen, um Ihre Nutzung der Website auszuwerten, um Reports \u00fcber die Websiteaktivit\u00e4ten zusammenzustellen und um weitere mit der Websitenutzung und der Internetnutzung verbundene Dienstleistungen gegen\u00fcber dem Websitebetreiber zu erbringen. Die im Rahmen von Google Analytics von Ihrem Browser \u00fcbermittelte IP-Adresse wird nicht mit anderen Daten von Google zusammengef\u00fchrt. Beachten Sie in diesem Zusammenhang auch die Datenschutzerkl\u00e4rung von Google, insbesondere die unter den beiden folgenden Links abrufbaren Informationen: https:\/\/www.google.com\/analytics\/terms\/de.html und https:\/\/policies.google.com\/?hl=de&amp;gl=de<\/p>\n<p><strong>Facebook und Instagram Plug-Ins:<\/strong><br \/>\nWir verwenden Facebook Social Plug-Ins des sozialen Netzwerks Facebook, betrieben von den Unternehmen Facebook Ireland Limited, 4 Grand Canal Square Dublin 2, Irland, und Facebook Inc., 1601 S. California Avenue, Palo Alto, CA 94303, USA. Diese Plug-Ins sind Schaltfl\u00e4chen, mit denen Facebook misst, wer unsere Webseite aufruft. Ist der Besucher zugleich bei Facebook als Nutzer registriert und eingeloggt, werden dar\u00fcber hinaus weitere Informationen von Facebook gespeichert. Facebook erh\u00e4lt aus technischen Gr\u00fcnden Ihre IP-Adresse. Auf die Verwendung dieser Daten durch Facebook haben wir keinen Einfluss. Wir verweisen diesbez\u00fcglich auf die Datenschutzerkl\u00e4rungen von Facebook, insbesondere die unter folgendem Link abrufbaren Informationen: <a href=\"https:\/\/www.facebook.com\/help\/568137493302217\">https:\/\/www.facebook.com\/help\/568137493302217<\/a>. Sie erhalten dort auch Informationen, wie Sie mit Ihrem Browser Facebook Social Plug-Ins blockieren k\u00f6nnen.<\/p>\n<p>Wir verwenden das Social Media Netzwerk: Instagram, betrieben von den Unternehmen Instagram LLC, 1601 Willow Rd, Menlo Park CA 94025, USA. Mit den Funktionen zum Einbetten von Instagram-Inhalten (Embed-Funktion) k\u00f6nnen wir Bilder und Videos anzeigen. Durch den Aufruf von Seiten, die solche Funktionen nutzen werden Daten (IP-Adresse, Browserdaten, Datum, Uhrzeit, Cookies) an Instagram \u00fcbermittelt, gespeichert und ausgewertet. Sollten Sie ein Instagram-Konto haben und angemeldet sein, werden diese Daten Ihrem pers\u00f6nlichen Konto und den darin gespeicherten Daten zugeordnet. Die Datenschutzrichtlinien, welche Informationen Instagram sammelt und wie sie diese verwenden finden Sie auf <a href=\"https:\/\/help.instagram.com\/519522125107875\">https:\/\/help.instagram.com\/519522125107875<\/a>.<\/p>\n<p><strong>Newsletter<\/strong><br \/>\nSie haben die M\u00f6glichkeit, \u00fcber unsere Website einen Newsletter, in welchem Sie \u00fcber Angebote und Neuigkeiten informiert werden, zu abonnieren. Hierf\u00fcr ben\u00f6tigen wir Ihre E-Mail-Adresse und Ihre Erkl\u00e4rung, dass Sie mit dem Bezug des Newsletters einverstanden sind.<br \/>\nDas Abo des Newsletters k\u00f6nnen Sie jederzeit kostenlos widerrufen. Senden Sie Ihre Stornierung bitte an folgende E-Mail-Adresse: <a href=\"mailto:office@studiostory.at\">office@studiostory.at.<\/a><\/p>\n<p>Alternativ k\u00f6nnen Sie das Abo auch beim letzten Newsletter kostenlos abbestellen. Wir l\u00f6schen anschlie\u00dfend umgehend Ihre Daten im Zusammenhang mit dem Newsletter-Versand.<\/p>\n<p><strong>Sonstiges<\/strong><br \/>\nWir haben organisatorische und technische Schutzma\u00dfnahmen, die wir laufend evaluieren und bei Bedarf anpassen, implementiert, um Ihre von uns gespeicherten und verarbeiteten personenbezogenen Daten zu sch\u00fctzen.<br \/>\nWir behalten uns vor, diese Datenschutzerkl\u00e4rung jederzeit zu \u00e4ndern und an neue Entwicklungen anzupassen. Die neue Fassung gilt ab Bereitstellung auf unserer Website. Die aktuelle Fassung der Datenschutzerkl\u00e4rung ist jederzeit auf der Website unter www.studiostory.at<\/p>\n<p><strong>Ihre Rechte<\/strong><br \/>\nSie k\u00f6nnen jederzeit unentgeltlich Auskunft \u00fcber Ihre personenbezogenen Daten, die von uns gespeichert werden, verlangen. Sie haben als Betroffener auch das Recht auf Widerruf, Auskunft, L\u00f6schung, Richtigstellung, Einschr\u00e4nkung und \u00dcbertragung Ihrer personenbezogenen Daten, soweit dem keine gesetzliche Aufbewahrungspflicht unsererseits gegen\u00fcbersteht. Wenden Sie sich daf\u00fcr bitte an <a href=\"mailto:office@studiostory.at\">office@studiostory.at<\/a><\/p>\n<p>F\u00fcr Beschwerden ist als Aufsichtsbeh\u00f6rde die \u00d6sterreichische Datenschutzbeh\u00f6rde, Barichgasse 40-42, 1030 Wien zust\u00e4ndig.<\/p>\n<\/div>\n<\/div>\n<\/div>\n<\/div>\n<\/div>\n<p>[\/vc_column_text][\/vc_column][vc_column width=&#8221;1\/12&#8243;][\/vc_column][\/vc_row]<\/p>\n<\/section>","protected":false},"excerpt":{"rendered":"<p>[vc_row][vc_column width=&#8221;1\/12&#8243;][\/vc_column][vc_column width=&#8221;10\/12&#8243;][vc_custom_heading text=&#8221;Datenschutzerkl\u00e4rung&#8221; use_theme_fonts=&#8221;yes&#8221;][vc_column_text] DATENSCHUTZ-RICHTLINIEN Informationspflicht (Art 13 und 14 DSGVO) Grundlage: Diese Datenschutzerkl\u00e4rung ber\u00fchrt alle Personen, die die Dienstleistungen von\u00a0Studio Story e.U.\u00a0eingetragen im Firmenbuch eingetragenes Einzelunternehmen\u00a0Werbung I PR\u00a0UID-Nummer: ATU67229634,\u00a0Firmenbuch-Nummer: FN 592332,\u00a0Firmenbuch-Gericht: Wien\u00a0Firmensitz: R\u00fcckertgasse 29\/11, 1160\u00a0nutzen. Wir informieren Sie mit dieser \u00fcber Art, Umfang und Zweck der Erhebung und Verwendung Ihrer personenbezogenen Daten durch [&hellip;]<\/p>\n","protected":false},"author":1,"featured_media":0,"parent":0,"menu_order":0,"comment_status":"closed","ping_status":"closed","template":"","meta":{"inline_featured_image":false,"footnotes":""},"class_list":["post-267","page","type-page","status-publish","hentry"],"acf":[],"yoast_head":"<!-- This site is optimized with the Yoast SEO plugin v21.9.1 - https:\/\/yoast.com\/wordpress\/plugins\/seo\/ -->\n<title>Privacy policy - Studio Story<\/title>\n<meta name=\"robots\" content=\"index, follow, max-snippet:-1, max-image-preview:large, max-video-preview:-1\" \/>\n<link rel=\"canonical\" href=\"https:\/\/studiostory.at\/en\/privacy-policy\/\" \/>\n<meta property=\"og:locale\" content=\"en_US\" \/>\n<meta property=\"og:type\" content=\"article\" \/>\n<meta property=\"og:title\" content=\"Privacy policy - Studio Story\" \/>\n<meta property=\"og:description\" content=\"[vc_row][vc_column width=&#8221;1\/12&#8243;][\/vc_column][vc_column width=&#8221;10\/12&#8243;][vc_custom_heading text=&#8221;Datenschutzerkl\u00e4rung&#8221; use_theme_fonts=&#8221;yes&#8221;][vc_column_text] DATENSCHUTZ-RICHTLINIEN Informationspflicht (Art 13 und 14 DSGVO) Grundlage: Diese Datenschutzerkl\u00e4rung ber\u00fchrt alle Personen, die die Dienstleistungen von\u00a0Studio Story e.U.\u00a0eingetragen im Firmenbuch eingetragenes Einzelunternehmen\u00a0Werbung I PR\u00a0UID-Nummer: ATU67229634,\u00a0Firmenbuch-Nummer: FN 592332,\u00a0Firmenbuch-Gericht: Wien\u00a0Firmensitz: R\u00fcckertgasse 29\/11, 1160\u00a0nutzen. Wir informieren Sie mit dieser \u00fcber Art, Umfang und Zweck der Erhebung und Verwendung Ihrer personenbezogenen Daten durch [&hellip;]\" \/>\n<meta property=\"og:url\" content=\"https:\/\/studiostory.at\/en\/privacy-policy\/\" \/>\n<meta property=\"og:site_name\" content=\"Studio Story\" \/>\n<meta property=\"article:publisher\" content=\"https:\/\/www.facebook.com\/profile.php?id=100090479722448\" \/>\n<meta property=\"article:modified_time\" content=\"2023-03-06T13:13:34+00:00\" \/>\n<meta name=\"twitter:card\" content=\"summary_large_image\" \/>\n<meta name=\"twitter:label1\" content=\"Est. reading time\" \/>\n\t<meta name=\"twitter:data1\" content=\"8 minutes\" \/>\n<script type=\"application\/ld+json\" class=\"yoast-schema-graph\">{\"@context\":\"https:\/\/schema.org\",\"@graph\":[{\"@type\":\"WebPage\",\"@id\":\"https:\/\/studiostory.at\/en\/privacy-policy\/\",\"url\":\"https:\/\/studiostory.at\/en\/privacy-policy\/\",\"name\":\"Privacy policy - Studio Story\",\"isPartOf\":{\"@id\":\"https:\/\/studiostory.at\/#website\"},\"datePublished\":\"2023-02-21T05:23:52+00:00\",\"dateModified\":\"2023-03-06T13:13:34+00:00\",\"breadcrumb\":{\"@id\":\"https:\/\/studiostory.at\/en\/privacy-policy\/#breadcrumb\"},\"inLanguage\":\"en-US\",\"potentialAction\":[{\"@type\":\"ReadAction\",\"target\":[\"https:\/\/studiostory.at\/en\/privacy-policy\/\"]}]},{\"@type\":\"BreadcrumbList\",\"@id\":\"https:\/\/studiostory.at\/en\/privacy-policy\/#breadcrumb\",\"itemListElement\":[{\"@type\":\"ListItem\",\"position\":1,\"name\":\"Startseite\",\"item\":\"https:\/\/studiostory.at\/en\/\"},{\"@type\":\"ListItem\",\"position\":2,\"name\":\"Privacy policy\"}]},{\"@type\":\"WebSite\",\"@id\":\"https:\/\/studiostory.at\/#website\",\"url\":\"https:\/\/studiostory.at\/\",\"name\":\"Studio Story\",\"description\":\"We design communication\",\"publisher\":{\"@id\":\"https:\/\/studiostory.at\/#organization\"},\"potentialAction\":[{\"@type\":\"SearchAction\",\"target\":{\"@type\":\"EntryPoint\",\"urlTemplate\":\"https:\/\/studiostory.at\/?s={search_term_string}\"},\"query-input\":\"required name=search_term_string\"}],\"inLanguage\":\"en-US\"},{\"@type\":\"Organization\",\"@id\":\"https:\/\/studiostory.at\/#organization\",\"name\":\"Studio Story\",\"url\":\"https:\/\/studiostory.at\/\",\"logo\":{\"@type\":\"ImageObject\",\"inLanguage\":\"en-US\",\"@id\":\"https:\/\/studiostory.at\/#\/schema\/logo\/image\/\",\"url\":\"https:\/\/studiostory.at\/wp-content\/uploads\/2023\/02\/LOGO_StudioStory.svg\",\"contentUrl\":\"https:\/\/studiostory.at\/wp-content\/uploads\/2023\/02\/LOGO_StudioStory.svg\",\"width\":\"1024\",\"height\":\"1024\",\"caption\":\"Studio Story\"},\"image\":{\"@id\":\"https:\/\/studiostory.at\/#\/schema\/logo\/image\/\"},\"sameAs\":[\"https:\/\/www.facebook.com\/profile.php?id=100090479722448\",\"https:\/\/www.instagram.com\/stst_agency\/\",\"https:\/\/www.linkedin.com\/in\/melanie-gleinser-moritzer-0b1694268\/\"]}]}<\/script>\n<!-- \/ Yoast SEO plugin. -->","yoast_head_json":{"title":"Privacy policy - Studio Story","robots":{"index":"index","follow":"follow","max-snippet":"max-snippet:-1","max-image-preview":"max-image-preview:large","max-video-preview":"max-video-preview:-1"},"canonical":"https:\/\/studiostory.at\/en\/privacy-policy\/","og_locale":"en_US","og_type":"article","og_title":"Privacy policy - Studio Story","og_description":"[vc_row][vc_column width=&#8221;1\/12&#8243;][\/vc_column][vc_column width=&#8221;10\/12&#8243;][vc_custom_heading text=&#8221;Datenschutzerkl\u00e4rung&#8221; use_theme_fonts=&#8221;yes&#8221;][vc_column_text] DATENSCHUTZ-RICHTLINIEN Informationspflicht (Art 13 und 14 DSGVO) Grundlage: Diese Datenschutzerkl\u00e4rung ber\u00fchrt alle Personen, die die Dienstleistungen von\u00a0Studio Story e.U.\u00a0eingetragen im Firmenbuch eingetragenes Einzelunternehmen\u00a0Werbung I PR\u00a0UID-Nummer: ATU67229634,\u00a0Firmenbuch-Nummer: FN 592332,\u00a0Firmenbuch-Gericht: Wien\u00a0Firmensitz: R\u00fcckertgasse 29\/11, 1160\u00a0nutzen. Wir informieren Sie mit dieser \u00fcber Art, Umfang und Zweck der Erhebung und Verwendung Ihrer personenbezogenen Daten durch [&hellip;]","og_url":"https:\/\/studiostory.at\/en\/privacy-policy\/","og_site_name":"Studio Story","article_publisher":"https:\/\/www.facebook.com\/profile.php?id=100090479722448","article_modified_time":"2023-03-06T13:13:34+00:00","twitter_card":"summary_large_image","twitter_misc":{"Est. reading time":"8 minutes"},"schema":{"@context":"https:\/\/schema.org","@graph":[{"@type":"WebPage","@id":"https:\/\/studiostory.at\/en\/privacy-policy\/","url":"https:\/\/studiostory.at\/en\/privacy-policy\/","name":"Privacy policy - Studio Story","isPartOf":{"@id":"https:\/\/studiostory.at\/#website"},"datePublished":"2023-02-21T05:23:52+00:00","dateModified":"2023-03-06T13:13:34+00:00","breadcrumb":{"@id":"https:\/\/studiostory.at\/en\/privacy-policy\/#breadcrumb"},"inLanguage":"en-US","potentialAction":[{"@type":"ReadAction","target":["https:\/\/studiostory.at\/en\/privacy-policy\/"]}]},{"@type":"BreadcrumbList","@id":"https:\/\/studiostory.at\/en\/privacy-policy\/#breadcrumb","itemListElement":[{"@type":"ListItem","position":1,"name":"Startseite","item":"https:\/\/studiostory.at\/en\/"},{"@type":"ListItem","position":2,"name":"Privacy policy"}]},{"@type":"WebSite","@id":"https:\/\/studiostory.at\/#website","url":"https:\/\/studiostory.at\/","name":"Studio Story","description":"We design communication","publisher":{"@id":"https:\/\/studiostory.at\/#organization"},"potentialAction":[{"@type":"SearchAction","target":{"@type":"EntryPoint","urlTemplate":"https:\/\/studiostory.at\/?s={search_term_string}"},"query-input":"required name=search_term_string"}],"inLanguage":"en-US"},{"@type":"Organization","@id":"https:\/\/studiostory.at\/#organization","name":"Studio Story","url":"https:\/\/studiostory.at\/","logo":{"@type":"ImageObject","inLanguage":"en-US","@id":"https:\/\/studiostory.at\/#\/schema\/logo\/image\/","url":"https:\/\/studiostory.at\/wp-content\/uploads\/2023\/02\/LOGO_StudioStory.svg","contentUrl":"https:\/\/studiostory.at\/wp-content\/uploads\/2023\/02\/LOGO_StudioStory.svg","width":"1024","height":"1024","caption":"Studio Story"},"image":{"@id":"https:\/\/studiostory.at\/#\/schema\/logo\/image\/"},"sameAs":["https:\/\/www.facebook.com\/profile.php?id=100090479722448","https:\/\/www.instagram.com\/stst_agency\/","https:\/\/www.linkedin.com\/in\/melanie-gleinser-moritzer-0b1694268\/"]}]}},"jetpack_sharing_enabled":true,"_links":{"self":[{"href":"https:\/\/studiostory.at\/en\/wp-json\/wp\/v2\/pages\/267","targetHints":{"allow":["GET"]}}],"collection":[{"href":"https:\/\/studiostory.at\/en\/wp-json\/wp\/v2\/pages"}],"about":[{"href":"https:\/\/studiostory.at\/en\/wp-json\/wp\/v2\/types\/page"}],"author":[{"embeddable":true,"href":"https:\/\/studiostory.at\/en\/wp-json\/wp\/v2\/users\/1"}],"replies":[{"embeddable":true,"href":"https:\/\/studiostory.at\/en\/wp-json\/wp\/v2\/comments?post=267"}],"version-history":[{"count":1,"href":"https:\/\/studiostory.at\/en\/wp-json\/wp\/v2\/pages\/267\/revisions"}],"predecessor-version":[{"id":270,"href":"https:\/\/studiostory.at\/en\/wp-json\/wp\/v2\/pages\/267\/revisions\/270"}],"wp:attachment":[{"href":"https:\/\/studiostory.at\/en\/wp-json\/wp\/v2\/media?parent=267"}],"curies":[{"name":"wp","href":"https:\/\/api.w.org\/{rel}","templated":true}]}}