{"id":268,"date":"2023-02-21T06:21:54","date_gmt":"2023-02-21T05:21:54","guid":{"rendered":"http:\/\/trigger.agency\/clients\/story\/impressum\/"},"modified":"2023-04-11T10:55:04","modified_gmt":"2023-04-11T08:55:04","slug":"impressum","status":"publish","type":"page","link":"https:\/\/studiostory.at\/en\/impressum\/","title":{"rendered":"Impressum"},"content":{"rendered":"<section class=\"wpb-content-wrapper\"><p>[vc_row][vc_column width=&#8221;1\/12&#8243;][\/vc_column][vc_column width=&#8221;10\/12&#8243;][vc_custom_heading text=&#8221;Impressum&#8221; use_theme_fonts=&#8221;yes&#8221;][vc_column_text]<b>Studio Story e.U.<\/b><br \/>\nInhaberin Mag. Melanie Gleinser-Moritzer<\/p>\n<p>Eingetragenes Einzelunternehmen<br \/>\nWerbung I PR<\/p>\n<p>UID-Nummer: ATU67229634<br \/>\nFirmenbuch-Nummer: FN 592332 b<br \/>\nFirmenbuch-Gericht: Wien<br \/>\nFirmensitz: R\u00fcckertgasse 29\/11, 1160 Wien, \u00d6sterreich<br \/>\nTelefonnummer: +43\u00a0664 16 44\u00a0614<br \/>\nE-Mail-Adresse: <a href=\"mailto:office@studiostory.at\">office@studiostory.at<\/a><br \/>\nWebsite: <a href=\"http:\/\/www.studiostory.at\">www.studiostory.at<\/a><\/p>\n<p>Mitglied der WKO, WKO Wien<\/p>\n<p><b>Fotos:<\/b><br \/>\nGunda Dittrich, Konrad Limbeck, Elsa Okazaki, Petra Rautenstrauch, unsplash<\/p>\n<p><b>Layout und Umsetzung:<\/b><\/p>\n<p><a href=\"https:\/\/haiderzotti.com\/\">haider-zotti<\/a><\/p>\n<p>&nbsp;<\/p>\n<p><b>1. HAFTUNGSBESCHR\u00c4NKUNG\/Haftungsausschuss<\/b><\/p>\n<p>Die Inhalte des Internetauftritts wurden mit gr\u00f6\u00dftm\u00f6glicher Sorgfalt und nach bestem Gewissen erstellt. Dennoch \u00fcbernimmt der Anbieter dieser Webseite keine Gew\u00e4hr f\u00fcr die Aktualit\u00e4t, Vollst\u00e4ndigkeit und Richtigkeit der bereitgestellten Seiten und Inhalte.<\/p>\n<p><b>2. EXTERNE LINKS<\/b><\/p>\n<p>Die Webseite enth\u00e4lt sog. \u201eexterne Links\u201c (Verlinkungen) zu anderen Webseiten, auf deren Inhalt der Anbieter der Webseite keinen Einfluss hat. Aus diesem Grund kann der Anbieter f\u00fcr diese Inhalte auch keine Gew\u00e4hr \u00fcbernehmen.<br \/>\nF\u00fcr die Inhalte und Richtigkeit der bereitgestellten Informationen ist der jeweilige Anbieter der verlinkten Webseite verantwortlich. Zum Zeitpunkt der Verlinkung waren keine Rechtsverst\u00f6\u00dfe erkennbar. Bei Bekanntwerden einer solchen Rechtsverletzung wird der Link umgehend entfernen.<\/p>\n<p><b>3. URHEBERRECHT\/LEISTUNGSSCHUTZRECHT<\/b><\/p>\n<p>Die auf dieser Webseite ver\u00f6ffentlichten Inhalte, Werke und bereitgestellten Informationen unterliegen dem deutschen Urheberrecht und Leistungsschutzrecht. Jede Art der Vervielf\u00e4ltigung, Bearbeitung, Verbreitung, Einspeicherung und jede Art der Verwertung au\u00dferhalb der Grenzen des Urheberrechts bedarf der vorherigen schriftlichen Zustimmung des jeweiligen Rechteinhabers. Das unerlaubte Kopieren\/Speichern der bereitgestellten Informationen auf diesen Webseiten ist nicht gestattet und strafbar.[\/vc_column_text][\/vc_column][vc_column width=&#8221;1\/12&#8243;][\/vc_column][\/vc_row]<\/p>\n<\/section>","protected":false},"excerpt":{"rendered":"<p>[vc_row][vc_column width=&#8221;1\/12&#8243;][\/vc_column][vc_column width=&#8221;10\/12&#8243;][vc_custom_heading text=&#8221;Impressum&#8221; use_theme_fonts=&#8221;yes&#8221;][vc_column_text]Studio Story e.U. Inhaberin Mag. Melanie Gleinser-Moritzer Eingetragenes Einzelunternehmen Werbung I PR UID-Nummer: ATU67229634 Firmenbuch-Nummer: FN 592332 b Firmenbuch-Gericht: Wien Firmensitz: R\u00fcckertgasse 29\/11, 1160 Wien, \u00d6sterreich Telefonnummer: +43\u00a0664 16 44\u00a0614 E-Mail-Adresse: office@studiostory.at Website: www.studiostory.at Mitglied der WKO, WKO Wien Fotos: Gunda Dittrich, Konrad Limbeck, Elsa Okazaki, Petra Rautenstrauch, unsplash Layout und [&hellip;]<\/p>\n","protected":false},"author":1,"featured_media":0,"parent":0,"menu_order":0,"comment_status":"closed","ping_status":"closed","template":"","meta":{"inline_featured_image":false,"footnotes":""},"class_list":["post-268","page","type-page","status-publish","hentry"],"acf":[],"yoast_head":"<!-- This site is optimized with the Yoast SEO plugin v21.9.1 - https:\/\/yoast.com\/wordpress\/plugins\/seo\/ -->\n<title>Impressum - Studio Story<\/title>\n<meta name=\"robots\" content=\"index, follow, max-snippet:-1, max-image-preview:large, max-video-preview:-1\" \/>\n<link rel=\"canonical\" href=\"https:\/\/studiostory.at\/en\/impressum\/\" \/>\n<meta property=\"og:locale\" content=\"en_US\" \/>\n<meta property=\"og:type\" content=\"article\" \/>\n<meta property=\"og:title\" content=\"Impressum - Studio Story\" \/>\n<meta property=\"og:description\" content=\"[vc_row][vc_column width=&#8221;1\/12&#8243;][\/vc_column][vc_column width=&#8221;10\/12&#8243;][vc_custom_heading text=&#8221;Impressum&#8221; use_theme_fonts=&#8221;yes&#8221;][vc_column_text]Studio Story e.U. Inhaberin Mag. Melanie Gleinser-Moritzer Eingetragenes Einzelunternehmen Werbung I PR UID-Nummer: ATU67229634 Firmenbuch-Nummer: FN 592332 b Firmenbuch-Gericht: Wien Firmensitz: R\u00fcckertgasse 29\/11, 1160 Wien, \u00d6sterreich Telefonnummer: +43\u00a0664 16 44\u00a0614 E-Mail-Adresse: office@studiostory.at Website: www.studiostory.at Mitglied der WKO, WKO Wien Fotos: Gunda Dittrich, Konrad Limbeck, Elsa Okazaki, Petra Rautenstrauch, unsplash Layout und [&hellip;]\" \/>\n<meta property=\"og:url\" content=\"https:\/\/studiostory.at\/en\/impressum\/\" \/>\n<meta property=\"og:site_name\" content=\"Studio Story\" \/>\n<meta property=\"article:publisher\" content=\"https:\/\/www.facebook.com\/profile.php?id=100090479722448\" \/>\n<meta property=\"article:modified_time\" content=\"2023-04-11T08:55:04+00:00\" \/>\n<meta name=\"twitter:card\" content=\"summary_large_image\" \/>\n<meta name=\"twitter:label1\" content=\"Est. reading time\" \/>\n\t<meta name=\"twitter:data1\" content=\"1 minute\" \/>\n<script type=\"application\/ld+json\" class=\"yoast-schema-graph\">{\"@context\":\"https:\/\/schema.org\",\"@graph\":[{\"@type\":\"WebPage\",\"@id\":\"https:\/\/studiostory.at\/en\/impressum\/\",\"url\":\"https:\/\/studiostory.at\/en\/impressum\/\",\"name\":\"Impressum - Studio Story\",\"isPartOf\":{\"@id\":\"https:\/\/studiostory.at\/#website\"},\"datePublished\":\"2023-02-21T05:21:54+00:00\",\"dateModified\":\"2023-04-11T08:55:04+00:00\",\"breadcrumb\":{\"@id\":\"https:\/\/studiostory.at\/en\/impressum\/#breadcrumb\"},\"inLanguage\":\"en-US\",\"potentialAction\":[{\"@type\":\"ReadAction\",\"target\":[\"https:\/\/studiostory.at\/en\/impressum\/\"]}]},{\"@type\":\"BreadcrumbList\",\"@id\":\"https:\/\/studiostory.at\/en\/impressum\/#breadcrumb\",\"itemListElement\":[{\"@type\":\"ListItem\",\"position\":1,\"name\":\"Startseite\",\"item\":\"https:\/\/studiostory.at\/en\/\"},{\"@type\":\"ListItem\",\"position\":2,\"name\":\"Impressum\"}]},{\"@type\":\"WebSite\",\"@id\":\"https:\/\/studiostory.at\/#website\",\"url\":\"https:\/\/studiostory.at\/\",\"name\":\"Studio Story\",\"description\":\"We design communication\",\"publisher\":{\"@id\":\"https:\/\/studiostory.at\/#organization\"},\"potentialAction\":[{\"@type\":\"SearchAction\",\"target\":{\"@type\":\"EntryPoint\",\"urlTemplate\":\"https:\/\/studiostory.at\/?s={search_term_string}\"},\"query-input\":\"required name=search_term_string\"}],\"inLanguage\":\"en-US\"},{\"@type\":\"Organization\",\"@id\":\"https:\/\/studiostory.at\/#organization\",\"name\":\"Studio Story\",\"url\":\"https:\/\/studiostory.at\/\",\"logo\":{\"@type\":\"ImageObject\",\"inLanguage\":\"en-US\",\"@id\":\"https:\/\/studiostory.at\/#\/schema\/logo\/image\/\",\"url\":\"https:\/\/studiostory.at\/wp-content\/uploads\/2023\/02\/LOGO_StudioStory.svg\",\"contentUrl\":\"https:\/\/studiostory.at\/wp-content\/uploads\/2023\/02\/LOGO_StudioStory.svg\",\"width\":\"1024\",\"height\":\"1024\",\"caption\":\"Studio Story\"},\"image\":{\"@id\":\"https:\/\/studiostory.at\/#\/schema\/logo\/image\/\"},\"sameAs\":[\"https:\/\/www.facebook.com\/profile.php?id=100090479722448\",\"https:\/\/www.instagram.com\/stst_agency\/\",\"https:\/\/www.linkedin.com\/in\/melanie-gleinser-moritzer-0b1694268\/\"]}]}<\/script>\n<!-- \/ Yoast SEO plugin. -->","yoast_head_json":{"title":"Impressum - Studio Story","robots":{"index":"index","follow":"follow","max-snippet":"max-snippet:-1","max-image-preview":"max-image-preview:large","max-video-preview":"max-video-preview:-1"},"canonical":"https:\/\/studiostory.at\/en\/impressum\/","og_locale":"en_US","og_type":"article","og_title":"Impressum - Studio Story","og_description":"[vc_row][vc_column width=&#8221;1\/12&#8243;][\/vc_column][vc_column width=&#8221;10\/12&#8243;][vc_custom_heading text=&#8221;Impressum&#8221; use_theme_fonts=&#8221;yes&#8221;][vc_column_text]Studio Story e.U. Inhaberin Mag. Melanie Gleinser-Moritzer Eingetragenes Einzelunternehmen Werbung I PR UID-Nummer: ATU67229634 Firmenbuch-Nummer: FN 592332 b Firmenbuch-Gericht: Wien Firmensitz: R\u00fcckertgasse 29\/11, 1160 Wien, \u00d6sterreich Telefonnummer: +43\u00a0664 16 44\u00a0614 E-Mail-Adresse: office@studiostory.at Website: www.studiostory.at Mitglied der WKO, WKO Wien Fotos: Gunda Dittrich, Konrad Limbeck, Elsa Okazaki, Petra Rautenstrauch, unsplash Layout und [&hellip;]","og_url":"https:\/\/studiostory.at\/en\/impressum\/","og_site_name":"Studio Story","article_publisher":"https:\/\/www.facebook.com\/profile.php?id=100090479722448","article_modified_time":"2023-04-11T08:55:04+00:00","twitter_card":"summary_large_image","twitter_misc":{"Est. reading time":"1 minute"},"schema":{"@context":"https:\/\/schema.org","@graph":[{"@type":"WebPage","@id":"https:\/\/studiostory.at\/en\/impressum\/","url":"https:\/\/studiostory.at\/en\/impressum\/","name":"Impressum - Studio Story","isPartOf":{"@id":"https:\/\/studiostory.at\/#website"},"datePublished":"2023-02-21T05:21:54+00:00","dateModified":"2023-04-11T08:55:04+00:00","breadcrumb":{"@id":"https:\/\/studiostory.at\/en\/impressum\/#breadcrumb"},"inLanguage":"en-US","potentialAction":[{"@type":"ReadAction","target":["https:\/\/studiostory.at\/en\/impressum\/"]}]},{"@type":"BreadcrumbList","@id":"https:\/\/studiostory.at\/en\/impressum\/#breadcrumb","itemListElement":[{"@type":"ListItem","position":1,"name":"Startseite","item":"https:\/\/studiostory.at\/en\/"},{"@type":"ListItem","position":2,"name":"Impressum"}]},{"@type":"WebSite","@id":"https:\/\/studiostory.at\/#website","url":"https:\/\/studiostory.at\/","name":"Studio Story","description":"We design communication","publisher":{"@id":"https:\/\/studiostory.at\/#organization"},"potentialAction":[{"@type":"SearchAction","target":{"@type":"EntryPoint","urlTemplate":"https:\/\/studiostory.at\/?s={search_term_string}"},"query-input":"required name=search_term_string"}],"inLanguage":"en-US"},{"@type":"Organization","@id":"https:\/\/studiostory.at\/#organization","name":"Studio Story","url":"https:\/\/studiostory.at\/","logo":{"@type":"ImageObject","inLanguage":"en-US","@id":"https:\/\/studiostory.at\/#\/schema\/logo\/image\/","url":"https:\/\/studiostory.at\/wp-content\/uploads\/2023\/02\/LOGO_StudioStory.svg","contentUrl":"https:\/\/studiostory.at\/wp-content\/uploads\/2023\/02\/LOGO_StudioStory.svg","width":"1024","height":"1024","caption":"Studio Story"},"image":{"@id":"https:\/\/studiostory.at\/#\/schema\/logo\/image\/"},"sameAs":["https:\/\/www.facebook.com\/profile.php?id=100090479722448","https:\/\/www.instagram.com\/stst_agency\/","https:\/\/www.linkedin.com\/in\/melanie-gleinser-moritzer-0b1694268\/"]}]}},"jetpack_sharing_enabled":true,"_links":{"self":[{"href":"https:\/\/studiostory.at\/en\/wp-json\/wp\/v2\/pages\/268","targetHints":{"allow":["GET"]}}],"collection":[{"href":"https:\/\/studiostory.at\/en\/wp-json\/wp\/v2\/pages"}],"about":[{"href":"https:\/\/studiostory.at\/en\/wp-json\/wp\/v2\/types\/page"}],"author":[{"embeddable":true,"href":"https:\/\/studiostory.at\/en\/wp-json\/wp\/v2\/users\/1"}],"replies":[{"embeddable":true,"href":"https:\/\/studiostory.at\/en\/wp-json\/wp\/v2\/comments?post=268"}],"version-history":[{"count":2,"href":"https:\/\/studiostory.at\/en\/wp-json\/wp\/v2\/pages\/268\/revisions"}],"predecessor-version":[{"id":288,"href":"https:\/\/studiostory.at\/en\/wp-json\/wp\/v2\/pages\/268\/revisions\/288"}],"wp:attachment":[{"href":"https:\/\/studiostory.at\/en\/wp-json\/wp\/v2\/media?parent=268"}],"curies":[{"name":"wp","href":"https:\/\/api.w.org\/{rel}","templated":true}]}}